{"id":482,"date":"2024-06-13T23:53:54","date_gmt":"2024-06-13T23:53:54","guid":{"rendered":"https:\/\/talleresquintanasl.com\/?page_id=482"},"modified":"2024-06-14T14:11:27","modified_gmt":"2024-06-14T14:11:27","slug":"equipo","status":"publish","type":"page","link":"https:\/\/talleresquintanasl.com\/en\/equipo\/","title":{"rendered":"Team"},"content":{"rendered":"<p>[et_pb_section fb_built=\u00bb1&#8243; fullwidth=\u00bbon\u00bb _builder_version=\u00bb4.25.0&#8243; _module_preset=\u00bbdefault\u00bb da_disable_devices=\u00bboff|off|off\u00bb global_colors_info=\u00bb{}\u00bb theme_builder_area=\u00bbpost_content\u00bb da_is_popup=\u00bboff\u00bb da_exit_intent=\u00bboff\u00bb da_has_close=\u00bbon\u00bb da_alt_close=\u00bboff\u00bb da_dark_close=\u00bboff\u00bb da_not_modal=\u00bbon\u00bb da_is_singular=\u00bboff\u00bb da_with_loader=\u00bboff\u00bb da_has_shadow=\u00bbon\u00bb][et_pb_fullwidth_slider _builder_version=\u00bb4.25.2&#8243; _module_preset=\u00bbdefault\u00bb custom_padding=\u00bb20%||20%||true|false\u00bb hover_enabled=\u00bb0&#8243; global_colors_info=\u00bb{}\u00bb theme_builder_area=\u00bbpost_content\u00bb sticky_enabled=\u00bb0&#8243;][et_pb_slide _builder_version=\u00bb4.25.2&#8243; _module_preset=\u00bbdefault\u00bb header_level=\u00bbh2&#8243; header_font=\u00bb|800||on|||||\u00bb body_font=\u00bb|800||on|||||\u00bb body_text_align=\u00bbleft\u00bb body_font_size=\u00bb50px\u00bb body_line_height=\u00bb1.2em\u00bb background_color=\u00bb#BC2519&#8243; background_enable_color=\u00bbon\u00bb background_image=\u00bbhttps:\/\/talleresquintanasl.com\/wp-content\/uploads\/2024\/06\/Talleres-Quintana-Slider-Cabecera6.jpg\u00bb background_enable_image=\u00bbon\u00bb hover_enabled=\u00bb0&#8243; body_font_size_tablet=\u00bb50px\u00bb body_font_size_phone=\u00bb30px\u00bb body_font_size_last_edited=\u00bbon|phone\u00bb global_colors_info=\u00bb{}\u00bb sticky_transition=\u00bbon\u00bb theme_builder_area=\u00bbpost_content\u00bb sticky_enabled=\u00bb0&#8243;]<\/p>\n<p>Equipo Talleres Quintana<\/p>\n<p>[\/et_pb_slide][\/et_pb_fullwidth_slider][\/et_pb_section][et_pb_section fb_built=\u00bb1&#8243; _builder_version=\u00bb4.25.2&#8243; _module_preset=\u00bbdefault\u00bb da_disable_devices=\u00bboff|off|off\u00bb global_colors_info=\u00bb{}\u00bb da_is_popup=\u00bboff\u00bb da_exit_intent=\u00bboff\u00bb da_has_close=\u00bbon\u00bb da_alt_close=\u00bboff\u00bb da_dark_close=\u00bboff\u00bb da_not_modal=\u00bbon\u00bb da_is_singular=\u00bboff\u00bb da_with_loader=\u00bboff\u00bb da_has_shadow=\u00bbon\u00bb][et_pb_row column_structure=\u00bb1_2,1_2&#8243; _builder_version=\u00bb4.25.2&#8243; _module_preset=\u00bbdefault\u00bb hover_enabled=\u00bb0&#8243; global_colors_info=\u00bb{}\u00bb custom_padding=\u00bb0px||0px||true|false\u00bb sticky_enabled=\u00bb0&#8243;][et_pb_column type=\u00bb1_2&#8243; _builder_version=\u00bb4.25.2&#8243; _module_preset=\u00bbdefault\u00bb global_colors_info=\u00bb{}\u00bb][et_pb_blurb title=\u00bbNicol\u00e1s Quintana Ramos\u00bb image=\u00bbhttps:\/\/talleresquintanasl.com\/wp-content\/uploads\/2024\/06\/Nicolas-Quintana-Ramos-Gerente.png\u00bb _builder_version=\u00bb4.25.2&#8243; _module_preset=\u00bbdefault\u00bb header_font=\u00bb|700|||||||\u00bb header_text_align=\u00bbcenter\u00bb header_text_color=\u00bb#BC2519&#8243; header_font_size=\u00bb25px\u00bb body_text_align=\u00bbcenter\u00bb body_text_color=\u00bb#000000&#8243; body_font_size=\u00bb20px\u00bb global_colors_info=\u00bb{}\u00bb]<\/p>\n<p>Gerente<\/p>\n<p>[\/et_pb_blurb][et_pb_blurb title=\u00bbFrancisco Bravo de Laguna Mu\u00f1oz\u00bb image=\u00bbhttps:\/\/talleresquintanasl.com\/wp-content\/uploads\/2024\/06\/Francisco-Bravo-de-Laguna-Munoz-Director-Tecnico.png\u00bb _builder_version=\u00bb4.25.2&#8243; _module_preset=\u00bbdefault\u00bb header_font=\u00bb|700|||||||\u00bb header_text_align=\u00bbcenter\u00bb header_text_color=\u00bb#BC2519&#8243; header_font_size=\u00bb25px\u00bb body_text_align=\u00bbcenter\u00bb body_text_color=\u00bb#000000&#8243; body_font_size=\u00bb20px\u00bb global_colors_info=\u00bb{}\u00bb]<\/p>\n<p>Director T\u00e9cnico<\/p>\n<p>[\/et_pb_blurb][et_pb_blurb title=\u00bbMiguel \u00c1ngel Cubas Tome\u00bb image=\u00bbhttps:\/\/talleresquintanasl.com\/wp-content\/uploads\/2024\/06\/Miguel-Angel-Cubas-Tome-Responsable-de-compras.png\u00bb _builder_version=\u00bb4.25.2&#8243; _module_preset=\u00bbdefault\u00bb header_font=\u00bb|700|||||||\u00bb header_text_align=\u00bbcenter\u00bb header_text_color=\u00bb#BC2519&#8243; header_font_size=\u00bb25px\u00bb body_text_align=\u00bbcenter\u00bb body_text_color=\u00bb#000000&#8243; body_font_size=\u00bb20px\u00bb global_colors_info=\u00bb{}\u00bb]<\/p>\n<p>Responsable de compras<\/p>\n<p>[\/et_pb_blurb][et_pb_blurb title=\u00bbDavid Castro Mart\u00edn\u00bb image=\u00bbhttps:\/\/talleresquintanasl.com\/wp-content\/uploads\/2024\/06\/David-Castro-Martin-Responsable-de-Mecanizado.png\u00bb _builder_version=\u00bb4.25.2&#8243; _module_preset=\u00bbdefault\u00bb header_font=\u00bb|700|||||||\u00bb header_text_align=\u00bbcenter\u00bb header_text_color=\u00bb#BC2519&#8243; header_font_size=\u00bb25px\u00bb body_text_align=\u00bbcenter\u00bb body_text_color=\u00bb#000000&#8243; body_font_size=\u00bb20px\u00bb global_colors_info=\u00bb{}\u00bb]<\/p>\n<p>Responsable de Mecanizado<\/p>\n<p>[\/et_pb_blurb][\/et_pb_column][et_pb_column type=\u00bb1_2&#8243; _builder_version=\u00bb4.25.2&#8243; _module_preset=\u00bbdefault\u00bb global_colors_info=\u00bb{}\u00bb][et_pb_blurb title=\u00bbJos\u00e9 Guadalupe\u00bb image=\u00bbhttps:\/\/talleresquintanasl.com\/wp-content\/uploads\/2024\/06\/Jose-Guadalupe-Tecnico.-Ingenieria.png\u00bb _builder_version=\u00bb4.25.2&#8243; _module_preset=\u00bbdefault\u00bb header_font=\u00bb|700|||||||\u00bb header_text_align=\u00bbcenter\u00bb header_text_color=\u00bb#BC2519&#8243; header_font_size=\u00bb25px\u00bb body_text_align=\u00bbcenter\u00bb body_text_color=\u00bb#000000&#8243; body_font_size=\u00bb20px\u00bb global_colors_info=\u00bb{}\u00bb]<\/p>\n<p>T\u00e9cnico de Ingener\u00eda<\/p>\n<p>[\/et_pb_blurb][et_pb_blurb title=\u00bbPaola Sequeira Pol\u00bb image=\u00bbhttps:\/\/talleresquintanasl.com\/wp-content\/uploads\/2024\/06\/Paola-Sequeira-Pol-Responsable-de-Administracion-y-de-SIG-sistemas-de-gestion-integrados.png\u00bb _builder_version=\u00bb4.25.2&#8243; _module_preset=\u00bbdefault\u00bb header_font=\u00bb|700|||||||\u00bb header_text_align=\u00bbcenter\u00bb header_text_color=\u00bb#BC2519&#8243; header_font_size=\u00bb25px\u00bb body_text_align=\u00bbcenter\u00bb body_text_color=\u00bb#000000&#8243; body_font_size=\u00bb20px\u00bb global_colors_info=\u00bb{}\u00bb]<\/p>\n<p>Responsable de Administraci\u00f3n y de SIG<\/p>\n<p>[\/et_pb_blurb][et_pb_blurb title=\u00bb\u00c1ngel Eliseo Izquierdo Mart\u00edn\u00bb image=\u00bbhttps:\/\/talleresquintanasl.com\/wp-content\/uploads\/2024\/06\/Angel-Eliseo-Izquierdo-MArtin-Jefe-de-Taller-y-Responsable-de-MEcanicos.png\u00bb _builder_version=\u00bb4.25.2&#8243; _module_preset=\u00bbdefault\u00bb header_font=\u00bb|700|||||||\u00bb header_text_align=\u00bbcenter\u00bb header_text_color=\u00bb#BC2519&#8243; header_font_size=\u00bb25px\u00bb body_text_align=\u00bbcenter\u00bb body_text_color=\u00bb#000000&#8243; body_font_size=\u00bb20px\u00bb global_colors_info=\u00bb{}\u00bb]<\/p>\n<p>Jefe de Taller y Responsable de Mec\u00e1nicos<\/p>\n<p>[\/et_pb_blurb][et_pb_blurb title=\u00bbEduardo Henriquez Gonz\u00e1lez\u00bb image=\u00bbhttps:\/\/talleresquintanasl.com\/wp-content\/uploads\/2024\/06\/Eduardo-Henriquez-Gonzalez-Responsable-de-caldereria.png\u00bb _builder_version=\u00bb4.25.2&#8243; _module_preset=\u00bbdefault\u00bb header_font=\u00bb|700|||||||\u00bb header_text_align=\u00bbcenter\u00bb header_text_color=\u00bb#BC2519&#8243; header_font_size=\u00bb25px\u00bb body_text_align=\u00bbcenter\u00bb body_text_color=\u00bb#000000&#8243; body_font_size=\u00bb20px\u00bb global_colors_info=\u00bb{}\u00bb]<\/p>\n<p>Responsable de caldereri\u0301a<\/p>\n<p>[\/et_pb_blurb][\/et_pb_column][\/et_pb_row][\/et_pb_section]<\/p>\n","protected":false},"excerpt":{"rendered":"<p>Equipo Talleres QuintanaGerenteDirector T\u00e9cnicoResponsable de comprasResponsable de MecanizadoT\u00e9cnico de Ingener\u00edaResponsable de Administraci\u00f3n y de SIGJefe de Taller y Responsable de Mec\u00e1nicosResponsable de caldereri\u0301a<\/p>","protected":false},"author":1,"featured_media":0,"parent":0,"menu_order":0,"comment_status":"closed","ping_status":"closed","template":"","meta":{"_et_pb_use_builder":"on","_et_pb_old_content":"","_et_gb_content_width":"","footnotes":""},"class_list":["post-482","page","type-page","status-publish","hentry"],"_links":{"self":[{"href":"https:\/\/talleresquintanasl.com\/en\/wp-json\/wp\/v2\/pages\/482","targetHints":{"allow":["GET"]}}],"collection":[{"href":"https:\/\/talleresquintanasl.com\/en\/wp-json\/wp\/v2\/pages"}],"about":[{"href":"https:\/\/talleresquintanasl.com\/en\/wp-json\/wp\/v2\/types\/page"}],"author":[{"embeddable":true,"href":"https:\/\/talleresquintanasl.com\/en\/wp-json\/wp\/v2\/users\/1"}],"replies":[{"embeddable":true,"href":"https:\/\/talleresquintanasl.com\/en\/wp-json\/wp\/v2\/comments?post=482"}],"version-history":[{"count":5,"href":"https:\/\/talleresquintanasl.com\/en\/wp-json\/wp\/v2\/pages\/482\/revisions"}],"predecessor-version":[{"id":505,"href":"https:\/\/talleresquintanasl.com\/en\/wp-json\/wp\/v2\/pages\/482\/revisions\/505"}],"wp:attachment":[{"href":"https:\/\/talleresquintanasl.com\/en\/wp-json\/wp\/v2\/media?parent=482"}],"curies":[{"name":"wp","href":"https:\/\/api.w.org\/{rel}","templated":true}]}}